{"id":428,"date":"2025-02-08T22:03:51","date_gmt":"2025-02-08T18:03:51","guid":{"rendered":"https:\/\/rent-a-car-rodrigues.com\/?post_type=product&#038;p=428"},"modified":"2026-01-27T10:12:44","modified_gmt":"2026-01-27T06:12:44","slug":"suzuki-swift","status":"publish","type":"product","link":"https:\/\/rent-a-car-rodrigues.com\/fr\/produit\/suzuki-swift\/","title":{"rendered":"Suzuki Swift ou \u00e9quivalent"},"content":{"rendered":"<p>Le <strong>Suzuki Swift<\/strong> est une voiture \u00e0 hayon sous-compacte populaire, connue pour son design sportif, son efficacit\u00e9 \u00e9nerg\u00e9tique et sa maniabilit\u00e9.<\/p>\n<p>La Suzuki Swift est une voiture \u00e0 hayon pratique et \u00e9l\u00e9gante, qui s\u00e9duit les conducteurs \u00e0 la recherche d'un prix abordable, de fiabilit\u00e9 et d'une conduite agr\u00e9able.<\/p>","protected":false},"excerpt":{"rendered":"<p>The Suzuki Swift is a popular subcompact hatchback known for its sporty design, fuel efficiency, and agile handling. The Suzuki Swift is a practical and stylish hatchback, appealing to drivers looking for affordability, reliability, and fun-to-drive characteristics.<\/p>","protected":false},"featured_media":307,"template":"","meta":{"nf_dc_page":"","_kadence_starter_templates_imported_post":false,"_kad_post_transparent":"default","_kad_post_title":"","_kad_post_layout":"default","_kad_post_sidebar_id":"","_kad_post_content_style":"default","_kad_post_vertical_padding":"default","_kad_post_feature":"","_kad_post_feature_position":"","_kad_post_header":false,"_kad_post_footer":false,"_kad_post_classname":"","_joinchat":[]},"product_brand":[],"product_cat":[26,34],"product_tag":[],"mwb_booking_cost":[],"mwb_booking_service":[],"class_list":{"0":"post-428","1":"product","2":"type-product","3":"status-publish","4":"has-post-thumbnail","6":"product_cat-booking","7":"product_cat-hatchback","9":"first","10":"instock","11":"virtual","12":"purchasable","13":"product-type-mwb_booking","14":"entry","15":"content-bg","16":"loop-entry"},"jetpack_sharing_enabled":true,"_links":{"self":[{"href":"https:\/\/rent-a-car-rodrigues.com\/fr\/wp-json\/wp\/v2\/product\/428","targetHints":{"allow":["GET"]}}],"collection":[{"href":"https:\/\/rent-a-car-rodrigues.com\/fr\/wp-json\/wp\/v2\/product"}],"about":[{"href":"https:\/\/rent-a-car-rodrigues.com\/fr\/wp-json\/wp\/v2\/types\/product"}],"wp:featuredmedia":[{"embeddable":true,"href":"https:\/\/rent-a-car-rodrigues.com\/fr\/wp-json\/wp\/v2\/media\/307"}],"wp:attachment":[{"href":"https:\/\/rent-a-car-rodrigues.com\/fr\/wp-json\/wp\/v2\/media?parent=428"}],"wp:term":[{"taxonomy":"product_brand","embeddable":true,"href":"https:\/\/rent-a-car-rodrigues.com\/fr\/wp-json\/wp\/v2\/product_brand?post=428"},{"taxonomy":"product_cat","embeddable":true,"href":"https:\/\/rent-a-car-rodrigues.com\/fr\/wp-json\/wp\/v2\/product_cat?post=428"},{"taxonomy":"product_tag","embeddable":true,"href":"https:\/\/rent-a-car-rodrigues.com\/fr\/wp-json\/wp\/v2\/product_tag?post=428"},{"taxonomy":"mwb_booking_cost","embeddable":true,"href":"https:\/\/rent-a-car-rodrigues.com\/fr\/wp-json\/wp\/v2\/mwb_booking_cost?post=428"},{"taxonomy":"mwb_booking_service","embeddable":true,"href":"https:\/\/rent-a-car-rodrigues.com\/fr\/wp-json\/wp\/v2\/mwb_booking_service?post=428"}],"curies":[{"name":"wp","href":"https:\/\/api.w.org\/{rel}","templated":true}]}}