{"id":429,"date":"2025-02-08T22:47:36","date_gmt":"2025-02-08T18:47:36","guid":{"rendered":"https:\/\/rent-a-car-rodrigues.com\/?post_type=product&#038;p=429"},"modified":"2026-01-27T10:12:34","modified_gmt":"2026-01-27T06:12:34","slug":"suzuki-spresso","status":"publish","type":"product","link":"https:\/\/rent-a-car-rodrigues.com\/fr\/produit\/suzuki-spresso\/","title":{"rendered":"Suzuki Spresso ou \u00e9quivalent"},"content":{"rendered":"<p>Le<strong> Suzuki S-Presso<\/strong> est un micro-SUV compact et \u00e9conomique con\u00e7u pour les environnements urbains et semi-urbains. Il est connu pour sa garde au sol \u00e9lev\u00e9e, son design inspir\u00e9 des SUV et son efficacit\u00e9 \u00e9nerg\u00e9tique<\/p>","protected":false},"excerpt":{"rendered":"<p>The Suzuki S-Presso is a compact, budget-friendly micro-SUV designed for urban and semi-urban environments. It is known for its high ground clearance, SUV-inspired design, and fuel efficiency.<\/p>","protected":false},"featured_media":430,"template":"","meta":{"nf_dc_page":"","_kadence_starter_templates_imported_post":false,"_kad_post_transparent":"default","_kad_post_title":"","_kad_post_layout":"default","_kad_post_sidebar_id":"","_kad_post_content_style":"default","_kad_post_vertical_padding":"default","_kad_post_feature":"","_kad_post_feature_position":"","_kad_post_header":false,"_kad_post_footer":false,"_kad_post_classname":"","_joinchat":[]},"product_brand":[],"product_cat":[26,34],"product_tag":[],"mwb_booking_cost":[],"mwb_booking_service":[],"class_list":{"0":"post-429","1":"product","2":"type-product","3":"status-publish","4":"has-post-thumbnail","6":"product_cat-booking","7":"product_cat-hatchback","9":"first","10":"instock","11":"virtual","12":"purchasable","13":"product-type-mwb_booking","14":"entry","15":"content-bg","16":"loop-entry"},"jetpack_sharing_enabled":true,"_links":{"self":[{"href":"https:\/\/rent-a-car-rodrigues.com\/fr\/wp-json\/wp\/v2\/product\/429","targetHints":{"allow":["GET"]}}],"collection":[{"href":"https:\/\/rent-a-car-rodrigues.com\/fr\/wp-json\/wp\/v2\/product"}],"about":[{"href":"https:\/\/rent-a-car-rodrigues.com\/fr\/wp-json\/wp\/v2\/types\/product"}],"wp:featuredmedia":[{"embeddable":true,"href":"https:\/\/rent-a-car-rodrigues.com\/fr\/wp-json\/wp\/v2\/media\/430"}],"wp:attachment":[{"href":"https:\/\/rent-a-car-rodrigues.com\/fr\/wp-json\/wp\/v2\/media?parent=429"}],"wp:term":[{"taxonomy":"product_brand","embeddable":true,"href":"https:\/\/rent-a-car-rodrigues.com\/fr\/wp-json\/wp\/v2\/product_brand?post=429"},{"taxonomy":"product_cat","embeddable":true,"href":"https:\/\/rent-a-car-rodrigues.com\/fr\/wp-json\/wp\/v2\/product_cat?post=429"},{"taxonomy":"product_tag","embeddable":true,"href":"https:\/\/rent-a-car-rodrigues.com\/fr\/wp-json\/wp\/v2\/product_tag?post=429"},{"taxonomy":"mwb_booking_cost","embeddable":true,"href":"https:\/\/rent-a-car-rodrigues.com\/fr\/wp-json\/wp\/v2\/mwb_booking_cost?post=429"},{"taxonomy":"mwb_booking_service","embeddable":true,"href":"https:\/\/rent-a-car-rodrigues.com\/fr\/wp-json\/wp\/v2\/mwb_booking_service?post=429"}],"curies":[{"name":"wp","href":"https:\/\/api.w.org\/{rel}","templated":true}]}}