{"id":451,"date":"2025-02-14T21:32:03","date_gmt":"2025-02-14T17:32:03","guid":{"rendered":"https:\/\/rent-a-car-rodrigues.com\/?post_type=product&#038;p=451"},"modified":"2025-03-30T17:22:05","modified_gmt":"2025-03-30T13:22:05","slug":"airport-pick-up","status":"publish","type":"product","link":"https:\/\/rent-a-car-rodrigues.com\/fr\/produit\/airport-pick-up\/","title":{"rendered":"Transfert A\u00e9roportuaire"},"content":{"rendered":"<p>D\u00e8s votre arriv\u00e9e \u00e0 l'a\u00e9roport, notre \u00e9quipe amicale et professionnelle sera l\u00e0 pour vous accueillir et vous aider \u00e0 porter vos bagages. Nous comprenons que voyager peut \u00eatre fatigant, c'est pourquoi nous nous effor\u00e7ons d'assurer une transition en douceur entre l'a\u00e9roport et votre h\u00e9bergement.<\/p>","protected":false},"excerpt":{"rendered":"<p>D\u00e8s votre arriv\u00e9e \u00e0 l'a\u00e9roport, notre \u00e9quipe amicale et professionnelle sera l\u00e0 pour vous accueillir et vous aider \u00e0 porter vos bagages. Nous comprenons que voyager peut \u00eatre fatigant, c'est pourquoi nous nous effor\u00e7ons d'assurer une transition en douceur entre l'a\u00e9roport et votre h\u00e9bergement.<\/p>","protected":false},"featured_media":460,"template":"","meta":{"nf_dc_page":"","_kadence_starter_templates_imported_post":false,"_kad_post_transparent":"default","_kad_post_title":"","_kad_post_layout":"default","_kad_post_sidebar_id":"","_kad_post_content_style":"default","_kad_post_vertical_padding":"default","_kad_post_feature":"","_kad_post_feature_position":"","_kad_post_header":false,"_kad_post_footer":false,"_kad_post_classname":"","_joinchat":[]},"product_brand":[],"product_cat":[26,35],"product_tag":[],"mwb_booking_cost":[],"mwb_booking_service":[],"class_list":{"0":"post-451","1":"product","2":"type-product","3":"status-publish","4":"has-post-thumbnail","6":"product_cat-booking","7":"product_cat-services","9":"first","10":"instock","11":"virtual","12":"purchasable","13":"product-type-mwb_booking","14":"entry","15":"content-bg","16":"loop-entry"},"jetpack_sharing_enabled":true,"_links":{"self":[{"href":"https:\/\/rent-a-car-rodrigues.com\/fr\/wp-json\/wp\/v2\/product\/451","targetHints":{"allow":["GET"]}}],"collection":[{"href":"https:\/\/rent-a-car-rodrigues.com\/fr\/wp-json\/wp\/v2\/product"}],"about":[{"href":"https:\/\/rent-a-car-rodrigues.com\/fr\/wp-json\/wp\/v2\/types\/product"}],"wp:featuredmedia":[{"embeddable":true,"href":"https:\/\/rent-a-car-rodrigues.com\/fr\/wp-json\/wp\/v2\/media\/460"}],"wp:attachment":[{"href":"https:\/\/rent-a-car-rodrigues.com\/fr\/wp-json\/wp\/v2\/media?parent=451"}],"wp:term":[{"taxonomy":"product_brand","embeddable":true,"href":"https:\/\/rent-a-car-rodrigues.com\/fr\/wp-json\/wp\/v2\/product_brand?post=451"},{"taxonomy":"product_cat","embeddable":true,"href":"https:\/\/rent-a-car-rodrigues.com\/fr\/wp-json\/wp\/v2\/product_cat?post=451"},{"taxonomy":"product_tag","embeddable":true,"href":"https:\/\/rent-a-car-rodrigues.com\/fr\/wp-json\/wp\/v2\/product_tag?post=451"},{"taxonomy":"mwb_booking_cost","embeddable":true,"href":"https:\/\/rent-a-car-rodrigues.com\/fr\/wp-json\/wp\/v2\/mwb_booking_cost?post=451"},{"taxonomy":"mwb_booking_service","embeddable":true,"href":"https:\/\/rent-a-car-rodrigues.com\/fr\/wp-json\/wp\/v2\/mwb_booking_service?post=451"}],"curies":[{"name":"wp","href":"https:\/\/api.w.org\/{rel}","templated":true}]}}