{"id":452,"date":"2025-02-14T21:36:36","date_gmt":"2025-02-14T17:36:36","guid":{"rendered":"https:\/\/rent-a-car-rodrigues.com\/?post_type=product&#038;p=452"},"modified":"2025-02-24T17:37:05","modified_gmt":"2025-02-24T13:37:05","slug":"boat-tour-ile-aux-cocos","status":"publish","type":"product","link":"https:\/\/rent-a-car-rodrigues.com\/fr\/produit\/boat-tour-ile-aux-cocos\/","title":{"rendered":"Excursion en bateau: Ile aux Cocos"},"content":{"rendered":"<ul class=\"wp-block-list\">\n<li class=\"\">Excursion en bateau \u00e0 voile jusqu'\u00e0 l'\u00eelot<\/li>\n<li class=\"\">Visite guid\u00e9e de l'\u00eelot<\/li>\n<li class=\"\">Repas d\u00e9licieux inclus<\/li>\n<li class=\"\">Une s\u00e9lection de boissons est propos\u00e9e<\/li>\n<li class=\"\">Temps libre \u00e0 passer sur la plage, \u00e0 se promener et \u00e0 se baigner dans le lagon.<\/li>\n<\/ul>","protected":false},"excerpt":{"rendered":"<p>Sailing Boat trip to the Islet Guided Tour of the Islet Delicious Lunch A selection of Drinks offered Free time to spend on the beach, going for a stroll and swimming in the lagoon.<\/p>","protected":false},"featured_media":266,"template":"","meta":{"nf_dc_page":"","_kadence_starter_templates_imported_post":false,"_kad_post_transparent":"default","_kad_post_title":"","_kad_post_layout":"default","_kad_post_sidebar_id":"","_kad_post_content_style":"default","_kad_post_vertical_padding":"default","_kad_post_feature":"","_kad_post_feature_position":"","_kad_post_header":false,"_kad_post_footer":false,"_kad_post_classname":"","_joinchat":[]},"product_brand":[],"product_cat":[26,35],"product_tag":[],"mwb_booking_cost":[],"mwb_booking_service":[],"class_list":{"0":"post-452","1":"product","2":"type-product","3":"status-publish","4":"has-post-thumbnail","6":"product_cat-booking","7":"product_cat-services","9":"first","10":"instock","11":"virtual","12":"purchasable","13":"product-type-mwb_booking","14":"entry","15":"content-bg","16":"loop-entry"},"jetpack_sharing_enabled":true,"_links":{"self":[{"href":"https:\/\/rent-a-car-rodrigues.com\/fr\/wp-json\/wp\/v2\/product\/452","targetHints":{"allow":["GET"]}}],"collection":[{"href":"https:\/\/rent-a-car-rodrigues.com\/fr\/wp-json\/wp\/v2\/product"}],"about":[{"href":"https:\/\/rent-a-car-rodrigues.com\/fr\/wp-json\/wp\/v2\/types\/product"}],"wp:featuredmedia":[{"embeddable":true,"href":"https:\/\/rent-a-car-rodrigues.com\/fr\/wp-json\/wp\/v2\/media\/266"}],"wp:attachment":[{"href":"https:\/\/rent-a-car-rodrigues.com\/fr\/wp-json\/wp\/v2\/media?parent=452"}],"wp:term":[{"taxonomy":"product_brand","embeddable":true,"href":"https:\/\/rent-a-car-rodrigues.com\/fr\/wp-json\/wp\/v2\/product_brand?post=452"},{"taxonomy":"product_cat","embeddable":true,"href":"https:\/\/rent-a-car-rodrigues.com\/fr\/wp-json\/wp\/v2\/product_cat?post=452"},{"taxonomy":"product_tag","embeddable":true,"href":"https:\/\/rent-a-car-rodrigues.com\/fr\/wp-json\/wp\/v2\/product_tag?post=452"},{"taxonomy":"mwb_booking_cost","embeddable":true,"href":"https:\/\/rent-a-car-rodrigues.com\/fr\/wp-json\/wp\/v2\/mwb_booking_cost?post=452"},{"taxonomy":"mwb_booking_service","embeddable":true,"href":"https:\/\/rent-a-car-rodrigues.com\/fr\/wp-json\/wp\/v2\/mwb_booking_service?post=452"}],"curies":[{"name":"wp","href":"https:\/\/api.w.org\/{rel}","templated":true}]}}