{"id":453,"date":"2025-02-14T21:42:21","date_gmt":"2025-02-14T17:42:21","guid":{"rendered":"https:\/\/rent-a-car-rodrigues.com\/?post_type=product&#038;p=453"},"modified":"2025-03-30T17:29:15","modified_gmt":"2025-03-30T13:29:15","slug":"full-day-sightseeing-tour","status":"publish","type":"product","link":"https:\/\/rent-a-car-rodrigues.com\/fr\/produit\/full-day-sightseeing-tour\/","title":{"rendered":"Visite touristique d'une journ\u00e9e"},"content":{"rendered":"<ul class=\"wp-block-list\">\n<li>Maximum 4 personnes<\/li>\n<li class=\"\">Visit\u00e9s les places phares de Rodrigues<\/li>\n<li class=\"\">Visite guid\u00e9e de l'\u00eele avec un guide exp\u00e9riment\u00e9<\/li>\n<li class=\"\">Le d\u00e9jeuner<strong>\u00a0n'est pas<\/strong>\u00a0inclus, mais peut \u00eatre organis\u00e9 dans des lieux et restaurants locaux<\/li>\n<li class=\"\">Prise en charge et retour au lieu d'h\u00e9bergement<\/li>\n<\/ul>","protected":false},"excerpt":{"rendered":"<p>Maximum of 4 persons Visit the Key Places of Rodrigues Guided visit of the island with experienced guide Lunch\u00a0is not\u00a0included but can be arranged at local places and restaurants Pick-up and drop-off from your place of accommodation<\/p>","protected":false},"featured_media":371,"template":"","meta":{"nf_dc_page":"","_kadence_starter_templates_imported_post":false,"_kad_post_transparent":"default","_kad_post_title":"","_kad_post_layout":"default","_kad_post_sidebar_id":"","_kad_post_content_style":"default","_kad_post_vertical_padding":"default","_kad_post_feature":"","_kad_post_feature_position":"","_kad_post_header":false,"_kad_post_footer":false,"_kad_post_classname":"","_joinchat":[]},"product_brand":[],"product_cat":[26,35],"product_tag":[],"mwb_booking_cost":[],"mwb_booking_service":[],"class_list":{"0":"post-453","1":"product","2":"type-product","3":"status-publish","4":"has-post-thumbnail","6":"product_cat-booking","7":"product_cat-services","9":"first","10":"instock","11":"virtual","12":"purchasable","13":"product-type-mwb_booking","14":"entry","15":"content-bg","16":"loop-entry"},"jetpack_sharing_enabled":true,"_links":{"self":[{"href":"https:\/\/rent-a-car-rodrigues.com\/fr\/wp-json\/wp\/v2\/product\/453","targetHints":{"allow":["GET"]}}],"collection":[{"href":"https:\/\/rent-a-car-rodrigues.com\/fr\/wp-json\/wp\/v2\/product"}],"about":[{"href":"https:\/\/rent-a-car-rodrigues.com\/fr\/wp-json\/wp\/v2\/types\/product"}],"wp:featuredmedia":[{"embeddable":true,"href":"https:\/\/rent-a-car-rodrigues.com\/fr\/wp-json\/wp\/v2\/media\/371"}],"wp:attachment":[{"href":"https:\/\/rent-a-car-rodrigues.com\/fr\/wp-json\/wp\/v2\/media?parent=453"}],"wp:term":[{"taxonomy":"product_brand","embeddable":true,"href":"https:\/\/rent-a-car-rodrigues.com\/fr\/wp-json\/wp\/v2\/product_brand?post=453"},{"taxonomy":"product_cat","embeddable":true,"href":"https:\/\/rent-a-car-rodrigues.com\/fr\/wp-json\/wp\/v2\/product_cat?post=453"},{"taxonomy":"product_tag","embeddable":true,"href":"https:\/\/rent-a-car-rodrigues.com\/fr\/wp-json\/wp\/v2\/product_tag?post=453"},{"taxonomy":"mwb_booking_cost","embeddable":true,"href":"https:\/\/rent-a-car-rodrigues.com\/fr\/wp-json\/wp\/v2\/mwb_booking_cost?post=453"},{"taxonomy":"mwb_booking_service","embeddable":true,"href":"https:\/\/rent-a-car-rodrigues.com\/fr\/wp-json\/wp\/v2\/mwb_booking_service?post=453"}],"curies":[{"name":"wp","href":"https:\/\/api.w.org\/{rel}","templated":true}]}}