{"id":461,"date":"2025-02-17T04:49:00","date_gmt":"2025-02-17T00:49:00","guid":{"rendered":"https:\/\/rent-a-car-rodrigues.com\/?post_type=product&#038;p=461"},"modified":"2025-02-24T14:04:33","modified_gmt":"2025-02-24T10:04:33","slug":"vip-full-day-sightseeing-tour","status":"publish","type":"product","link":"https:\/\/rent-a-car-rodrigues.com\/fr\/produit\/vip-full-day-sightseeing-tour\/","title":{"rendered":"Visite touristique d'une journ\u00e9e VIP"},"content":{"rendered":"<ul class=\"wp-block-list\">\n<li>Visite effectu\u00e9e dans le confort d'une Toyota Rav4 climatis\u00e9e<\/li>\n<li>Maximum 4 personnes<\/li>\n<li class=\"\">Visit\u00e9s les places phares de Rodrigues<\/li>\n<li class=\"\">Visite guid\u00e9e de l'\u00eele avec un guide exp\u00e9riment\u00e9<\/li>\n<li class=\"\">Le d\u00e9jeuner<strong>\u00a0n'est pas<\/strong>\u00a0inclus, mais peut \u00eatre organis\u00e9 dans des lieux et restaurants locaux<\/li>\n<li class=\"\">Prise en charge et retour au lieu d'h\u00e9bergement<\/li>\n<\/ul>","protected":false},"excerpt":{"rendered":"<p>Visit in the comfort of an air-conditioned Toyota Rav4 Maximum of 4 persons Visit the Key Places of Rodrigues Guided visit of the island with experienced guide Lunch\u00a0is not\u00a0included but can be arranged at local places and restaurants Pick-up and drop-off from your place of accommodation<\/p>","protected":false},"featured_media":471,"template":"","meta":{"nf_dc_page":"","_kadence_starter_templates_imported_post":false,"_kad_post_transparent":"default","_kad_post_title":"","_kad_post_layout":"default","_kad_post_sidebar_id":"","_kad_post_content_style":"default","_kad_post_vertical_padding":"default","_kad_post_feature":"","_kad_post_feature_position":"","_kad_post_header":false,"_kad_post_footer":false,"_kad_post_classname":"","_joinchat":[]},"product_brand":[],"product_cat":[26,35],"product_tag":[],"mwb_booking_cost":[],"mwb_booking_service":[],"class_list":{"0":"post-461","1":"product","2":"type-product","3":"status-publish","4":"has-post-thumbnail","6":"product_cat-booking","7":"product_cat-services","9":"first","10":"instock","11":"virtual","12":"purchasable","13":"product-type-mwb_booking","14":"entry","15":"content-bg","16":"loop-entry"},"jetpack_sharing_enabled":true,"_links":{"self":[{"href":"https:\/\/rent-a-car-rodrigues.com\/fr\/wp-json\/wp\/v2\/product\/461","targetHints":{"allow":["GET"]}}],"collection":[{"href":"https:\/\/rent-a-car-rodrigues.com\/fr\/wp-json\/wp\/v2\/product"}],"about":[{"href":"https:\/\/rent-a-car-rodrigues.com\/fr\/wp-json\/wp\/v2\/types\/product"}],"wp:featuredmedia":[{"embeddable":true,"href":"https:\/\/rent-a-car-rodrigues.com\/fr\/wp-json\/wp\/v2\/media\/471"}],"wp:attachment":[{"href":"https:\/\/rent-a-car-rodrigues.com\/fr\/wp-json\/wp\/v2\/media?parent=461"}],"wp:term":[{"taxonomy":"product_brand","embeddable":true,"href":"https:\/\/rent-a-car-rodrigues.com\/fr\/wp-json\/wp\/v2\/product_brand?post=461"},{"taxonomy":"product_cat","embeddable":true,"href":"https:\/\/rent-a-car-rodrigues.com\/fr\/wp-json\/wp\/v2\/product_cat?post=461"},{"taxonomy":"product_tag","embeddable":true,"href":"https:\/\/rent-a-car-rodrigues.com\/fr\/wp-json\/wp\/v2\/product_tag?post=461"},{"taxonomy":"mwb_booking_cost","embeddable":true,"href":"https:\/\/rent-a-car-rodrigues.com\/fr\/wp-json\/wp\/v2\/mwb_booking_cost?post=461"},{"taxonomy":"mwb_booking_service","embeddable":true,"href":"https:\/\/rent-a-car-rodrigues.com\/fr\/wp-json\/wp\/v2\/mwb_booking_service?post=461"}],"curies":[{"name":"wp","href":"https:\/\/api.w.org\/{rel}","templated":true}]}}