{"id":470,"date":"2025-02-23T21:41:40","date_gmt":"2025-02-23T17:41:40","guid":{"rendered":"https:\/\/rent-a-car-rodrigues.com\/?post_type=product&#038;p=470"},"modified":"2025-03-30T17:22:07","modified_gmt":"2025-03-30T13:22:07","slug":"vip-airport-pick-up","status":"publish","type":"product","link":"https:\/\/rent-a-car-rodrigues.com\/fr\/produit\/vip-airport-pick-up\/","title":{"rendered":"Transfert A\u00e9roportuaire VIP"},"content":{"rendered":"<p>D\u00e8s votre arriv\u00e9e \u00e0 l'a\u00e9roport, notre \u00e9quipe amicale et professionnelle sera l\u00e0 pour vous accueillir et vous aider \u00e0 porter vos bagages. Nous comprenons que voyager peut \u00eatre fatigant, c'est pourquoi nous nous effor\u00e7ons d'assurer une transition en douceur entre l'a\u00e9roport et votre h\u00e9bergement.<\/p>\n<ul class=\"wp-block-list\">\n<li>\u00a0Toyota Rav4 climatis\u00e9<\/li>\n<li>Maximum 4 personnes<\/li>\n<\/ul>","protected":false},"excerpt":{"rendered":"<p>From the moment you land at the airport, our friendly and professional team will be there to welcome you and help with your luggage. We understand that traveling can be tiring, which is why we aim to ensure a smooth transition from the airport to your accomodation. \u00a0Air-conditioned Toyota Rav4 Maximum of 4 persons<\/p>","protected":false},"featured_media":469,"template":"","meta":{"nf_dc_page":"","_kadence_starter_templates_imported_post":false,"_kad_post_transparent":"default","_kad_post_title":"","_kad_post_layout":"default","_kad_post_sidebar_id":"","_kad_post_content_style":"default","_kad_post_vertical_padding":"default","_kad_post_feature":"","_kad_post_feature_position":"","_kad_post_header":false,"_kad_post_footer":false,"_kad_post_classname":"","_joinchat":[]},"product_brand":[],"product_cat":[26,35],"product_tag":[],"mwb_booking_cost":[],"mwb_booking_service":[],"class_list":{"0":"post-470","1":"product","2":"type-product","3":"status-publish","4":"has-post-thumbnail","6":"product_cat-booking","7":"product_cat-services","9":"first","10":"instock","11":"virtual","12":"purchasable","13":"product-type-mwb_booking","14":"entry","15":"content-bg","16":"loop-entry"},"jetpack_sharing_enabled":true,"_links":{"self":[{"href":"https:\/\/rent-a-car-rodrigues.com\/fr\/wp-json\/wp\/v2\/product\/470","targetHints":{"allow":["GET"]}}],"collection":[{"href":"https:\/\/rent-a-car-rodrigues.com\/fr\/wp-json\/wp\/v2\/product"}],"about":[{"href":"https:\/\/rent-a-car-rodrigues.com\/fr\/wp-json\/wp\/v2\/types\/product"}],"wp:featuredmedia":[{"embeddable":true,"href":"https:\/\/rent-a-car-rodrigues.com\/fr\/wp-json\/wp\/v2\/media\/469"}],"wp:attachment":[{"href":"https:\/\/rent-a-car-rodrigues.com\/fr\/wp-json\/wp\/v2\/media?parent=470"}],"wp:term":[{"taxonomy":"product_brand","embeddable":true,"href":"https:\/\/rent-a-car-rodrigues.com\/fr\/wp-json\/wp\/v2\/product_brand?post=470"},{"taxonomy":"product_cat","embeddable":true,"href":"https:\/\/rent-a-car-rodrigues.com\/fr\/wp-json\/wp\/v2\/product_cat?post=470"},{"taxonomy":"product_tag","embeddable":true,"href":"https:\/\/rent-a-car-rodrigues.com\/fr\/wp-json\/wp\/v2\/product_tag?post=470"},{"taxonomy":"mwb_booking_cost","embeddable":true,"href":"https:\/\/rent-a-car-rodrigues.com\/fr\/wp-json\/wp\/v2\/mwb_booking_cost?post=470"},{"taxonomy":"mwb_booking_service","embeddable":true,"href":"https:\/\/rent-a-car-rodrigues.com\/fr\/wp-json\/wp\/v2\/mwb_booking_service?post=470"}],"curies":[{"name":"wp","href":"https:\/\/api.w.org\/{rel}","templated":true}]}}