{"id":581,"date":"2025-06-02T10:02:56","date_gmt":"2025-06-02T06:02:56","guid":{"rendered":"https:\/\/rent-a-car-rodrigues.com\/?post_type=product&#038;p=581"},"modified":"2025-06-09T11:24:52","modified_gmt":"2025-06-09T07:24:52","slug":"toyota-hilux-manual-or-equivalent","status":"publish","type":"product","link":"https:\/\/rent-a-car-rodrigues.com\/fr\/produit\/toyota-hilux-manual-or-equivalent\/","title":{"rendered":"Toyota Hilux Manuel ou  \u00e9quivalent"},"content":{"rendered":"<p>D\u00e9couvrez la puissance, la durabilit\u00e9 et le confort de notre Toyota Hilux, le choix id\u00e9al pour les aventures tout-terrain et la conduite urbaine. R\u00e9put\u00e9 pour sa robustesse l\u00e9gendaire et ses performances fiables, le Hilux est id\u00e9al pour les voyageurs, les travailleurs et tous ceux qui ont besoin d'un v\u00e9hicule polyvalent et performant.<\/p>\n<p>Que vous partiez \u00e0 la d\u00e9couverte des grands espaces ou que vous g\u00e9riez un projet professionnel, le Toyota Hilux offre une fiabilit\u00e9 et des performances in\u00e9gal\u00e9es.<\/p>","protected":false},"excerpt":{"rendered":"<p>Experience power, durability, and comfort with our Toyota Hilux, the perfect choice for both off-road adventures and urban driving. Renowned for its legendary toughness and dependable performance, the Hilux is ideal for travellers, workers, or anyone needing a versatile, capable vehicle. Whether you&#8217;re exploring the great outdoors or managing a business project, the Toyota Hilux&#8230;<\/p>","protected":false},"featured_media":594,"template":"","meta":{"nf_dc_page":"","_kadence_starter_templates_imported_post":false,"_kad_post_transparent":"default","_kad_post_title":"","_kad_post_layout":"default","_kad_post_sidebar_id":"","_kad_post_content_style":"default","_kad_post_vertical_padding":"default","_kad_post_feature":"","_kad_post_feature_position":"","_kad_post_header":false,"_kad_post_footer":false,"_kad_post_classname":"","_joinchat":[]},"product_brand":[],"product_cat":[26,33],"product_tag":[],"mwb_booking_cost":[],"mwb_booking_service":[],"class_list":{"0":"post-581","1":"product","2":"type-product","3":"status-publish","4":"has-post-thumbnail","6":"product_cat-booking","7":"product_cat-pick-up","9":"first","10":"instock","11":"virtual","12":"purchasable","13":"product-type-mwb_booking","14":"entry","15":"content-bg","16":"loop-entry"},"jetpack_sharing_enabled":true,"_links":{"self":[{"href":"https:\/\/rent-a-car-rodrigues.com\/fr\/wp-json\/wp\/v2\/product\/581","targetHints":{"allow":["GET"]}}],"collection":[{"href":"https:\/\/rent-a-car-rodrigues.com\/fr\/wp-json\/wp\/v2\/product"}],"about":[{"href":"https:\/\/rent-a-car-rodrigues.com\/fr\/wp-json\/wp\/v2\/types\/product"}],"wp:featuredmedia":[{"embeddable":true,"href":"https:\/\/rent-a-car-rodrigues.com\/fr\/wp-json\/wp\/v2\/media\/594"}],"wp:attachment":[{"href":"https:\/\/rent-a-car-rodrigues.com\/fr\/wp-json\/wp\/v2\/media?parent=581"}],"wp:term":[{"taxonomy":"product_brand","embeddable":true,"href":"https:\/\/rent-a-car-rodrigues.com\/fr\/wp-json\/wp\/v2\/product_brand?post=581"},{"taxonomy":"product_cat","embeddable":true,"href":"https:\/\/rent-a-car-rodrigues.com\/fr\/wp-json\/wp\/v2\/product_cat?post=581"},{"taxonomy":"product_tag","embeddable":true,"href":"https:\/\/rent-a-car-rodrigues.com\/fr\/wp-json\/wp\/v2\/product_tag?post=581"},{"taxonomy":"mwb_booking_cost","embeddable":true,"href":"https:\/\/rent-a-car-rodrigues.com\/fr\/wp-json\/wp\/v2\/mwb_booking_cost?post=581"},{"taxonomy":"mwb_booking_service","embeddable":true,"href":"https:\/\/rent-a-car-rodrigues.com\/fr\/wp-json\/wp\/v2\/mwb_booking_service?post=581"}],"curies":[{"name":"wp","href":"https:\/\/api.w.org\/{rel}","templated":true}]}}